{"id":41549,"date":"2025-03-02T04:54:58","date_gmt":"2025-03-02T04:54:58","guid":{"rendered":"https:\/\/livermanarrais.ca\/?page_id=41549"},"modified":"2025-03-16T11:15:15","modified_gmt":"2025-03-16T11:15:15","slug":"articles","status":"publish","type":"page","link":"https:\/\/livermanarrais.ca\/es\/articles\/","title":{"rendered":"Art\u00edculos"},"content":{"rendered":"<div data-elementor-type=\"wp-page\" data-elementor-id=\"41549\" class=\"elementor elementor-41549\" data-elementor-post-type=\"page\">\n\t\t\t\t\t\t<section class=\"elementor-section elementor-top-section elementor-element elementor-element-201a641e elementor-section-boxed elementor-section-height-default elementor-section-height-default\" data-id=\"201a641e\" data-element_type=\"section\" data-e-type=\"section\">\n\t\t\t\t\t\t<div class=\"elementor-container elementor-column-gap-default\">\n\t\t\t\t\t<div class=\"elementor-column elementor-col-100 elementor-top-column elementor-element elementor-element-61ab1d42\" data-id=\"61ab1d42\" data-element_type=\"column\" data-e-type=\"column\">\n\t\t\t<div class=\"elementor-widget-wrap elementor-element-populated\">\n\t\t\t\t\t\t<div class=\"elementor-element elementor-element-495b21a9 elementor-invisible elementor-widget elementor-widget-ceaposts\" data-id=\"495b21a9\" data-element_type=\"widget\" data-e-type=\"widget\" data-settings=\"{&quot;_animation&quot;:&quot;fadeIn&quot;,&quot;_animation_delay&quot;:650}\" data-widget_type=\"ceaposts.default\">\n\t\t\t\t\r\n\t\t<div class=\"elementor-widget-container blog-wrapper blog-style-default blog-light blog-normal-model\">\r\n\t\t\r\n\t\t\t<div class=\"row\"><div class=\"col-lg-6 col-md-6\"><div class=\"blog-inner\"><div class=\"post-thumb\"><a href=\"https:\/\/livermanarrais.ca\/es\/discover-a-better-way-of-redefining-company\/\" class=\"post-image-link\"><img decoding=\"async\" src=\"https:\/\/livermanarrais.ca\/wp-content\/uploads\/elementor\/thumbs\/pension-alimentaire-pour-enfants-apres-18-ans-721x407-1-r2xjdctyg5lreiv2ycxacnjojbsbryt2qwwsd9yago.webp\" title=\"pension-alimentaire-pour-enfants-apres-18-ans-721&#215;407\" alt=\"pension-alimentaire-pour-enfants-apres-18-ans-721x407\" class=\"img-fluid squared\" \/><\/a><\/div><!-- .post-thumb --><div class=\"top-meta clearfix\"><ul class=\"nav top-meta-list meta-left\"><li><div class=\"post-category\"><span class=\"before-icon fa fa-folder-o\"><\/span><a href=\"https:\/\/livermanarrais.ca\/es\/category\/avocat-criminel\/\">Avocat Criminel<\/a>,<a href=\"https:\/\/livermanarrais.ca\/es\/category\/droit-civil\/\">Derecho Civil<\/a><\/div><\/li><li><div class=\"post-date\"><a href=\"https:\/\/livermanarrais.ca\/es\/2024\/07\/19\/\" ><i class=\"icon icon-calendar\"><\/i> 19\/07\/2024<\/a><\/div><\/li><\/ul><\/div><div class=\"entry-title\"><h3 class=\"post-title-head\"><a href=\"https:\/\/livermanarrais.ca\/es\/discover-a-better-way-of-redefining-company\/\" class=\"post-title\">Pension alimentaire pour enfants apr\u00e8s 18 ans<\/a><\/h3><\/div><!-- .entry-title --><div class=\"post-excerpt\"><p>Ce que vous devez savoir En tant que parent d\u00e9biteur de la pension alimentaire pour enfants, vous vous demandez&#8230;<\/p>\n<\/div><!-- .post-excerpt --><div class=\"bottom-meta clearfix\"><ul class=\"nav bottom-meta-list meta-left\"><li><div class=\"post-more\"><a href=\"https:\/\/livermanarrais.ca\/es\/discover-a-better-way-of-redefining-company\/\" class=\"read-more elementor-button\">En savoir plus<\/a><\/div><\/li><\/ul><\/div><\/div><!-- .blog-inner --><\/div><!-- .col \/ .owl-carousel-item \/ .isotope --><div class=\"col-lg-6 col-md-6\"><div class=\"blog-inner\"><div class=\"post-thumb\"><a href=\"https:\/\/livermanarrais.ca\/es\/a-world-class-packaging-team-built-for-you\/\" class=\"post-image-link\"><img decoding=\"async\" src=\"https:\/\/livermanarrais.ca\/wp-content\/uploads\/elementor\/thumbs\/calcul-de-la-pension-alimentaire-pour-enfants-721x407-1-r2xqkw1phcvx2hvjgjkwt5th9ckt3d4zrhj6np50fs.webp\" title=\"calcul-de-la-pension-alimentaire-pour-enfants-721&#215;407\" alt=\"calcul-de-la-pension-alimentaire-pour-enfants-721x407\" class=\"img-fluid squared img-fluid squared\" \/><\/a><\/div><!-- .post-thumb --><div class=\"top-meta clearfix\"><ul class=\"nav top-meta-list meta-left\"><li><div class=\"post-category\"><span class=\"before-icon fa fa-folder-o\"><\/span><a href=\"https:\/\/livermanarrais.ca\/es\/category\/droit-civil\/\">Derecho Civil<\/a>,<a href=\"https:\/\/livermanarrais.ca\/es\/category\/droit-commercial\/\">Droit Commercial<\/a><\/div><\/li><li><div class=\"post-date\"><a href=\"https:\/\/livermanarrais.ca\/es\/2024\/07\/19\/\" ><i class=\"icon icon-calendar\"><\/i> 19\/07\/2024<\/a><\/div><\/li><\/ul><\/div><div class=\"entry-title\"><h3 class=\"post-title-head\"><a href=\"https:\/\/livermanarrais.ca\/es\/a-world-class-packaging-team-built-for-you\/\" class=\"post-title\">Calcul de la pension alimentaire pour enfants<\/a><\/h3><\/div><!-- .entry-title --><div class=\"post-excerpt\"><p>Le fait de vivre un divorce ou une s\u00e9paration peut \u00eatre un peu accablant. Vous vous demandez peut-\u00eatre si vous&#8230;<\/p>\n<\/div><!-- .post-excerpt --><div class=\"bottom-meta clearfix\"><ul class=\"nav bottom-meta-list meta-left\"><li><div class=\"post-more\"><a href=\"https:\/\/livermanarrais.ca\/es\/a-world-class-packaging-team-built-for-you\/\" class=\"read-more elementor-button\">En savoir plus<\/a><\/div><\/li><\/ul><\/div><\/div><!-- .blog-inner --><\/div><!-- .col \/ .owl-carousel-item \/ .isotope --><\/div><!-- .row --><div class=\"row\"><div class=\"col-lg-6 col-md-6\"><div class=\"blog-inner\"><div class=\"post-thumb\"><a href=\"https:\/\/livermanarrais.ca\/es\/your-guide-to-free-open-lawyer-software\/\" class=\"post-image-link\"><img decoding=\"async\" src=\"https:\/\/livermanarrais.ca\/wp-content\/uploads\/elementor\/thumbs\/nouvelle-loi-sur-le-divorce-quebec-1-mars-2021-721x407-1-r2xqn7pcdm2frsi0w1qph2pi4n4h4fd3qzledboz20.webp\" title=\"nouvelle-loi-sur-le-divorce-quebec-1-mars-2021-721&#215;407\" alt=\"nouvelle-loi-sur-le-divorce-quebec-1-mars-2021-721x407\" class=\"img-fluid squared img-fluid squared img-fluid squared\" \/><\/a><\/div><!-- .post-thumb --><div class=\"top-meta clearfix\"><ul class=\"nav top-meta-list meta-left\"><li><div class=\"post-category\"><span class=\"before-icon fa fa-folder-o\"><\/span><a href=\"https:\/\/livermanarrais.ca\/es\/category\/avocat-criminel\/\">Avocat Criminel<\/a>,<a href=\"https:\/\/livermanarrais.ca\/es\/category\/droit-civil\/\">Derecho Civil<\/a>,<a href=\"https:\/\/livermanarrais.ca\/es\/category\/droit-du-travail\/\">Droit du travail<\/a><\/div><\/li><li><div class=\"post-date\"><a href=\"https:\/\/livermanarrais.ca\/es\/2024\/07\/19\/\" ><i class=\"icon icon-calendar\"><\/i> 19\/07\/2024<\/a><\/div><\/li><\/ul><\/div><div class=\"entry-title\"><h3 class=\"post-title-head\"><a href=\"https:\/\/livermanarrais.ca\/es\/your-guide-to-free-open-lawyer-software\/\" class=\"post-title\">Nouvelle loi sur le divorce au Qu\u00e9bec<\/a><\/h3><\/div><!-- .entry-title --><div class=\"post-excerpt\"><p>En vigueur \u00e0 partir du 1er mars 2021 Notre syst\u00e8me judiciaire est en constante \u00e9volution et am\u00e9lioration&#8230;<\/p>\n<\/div><!-- .post-excerpt --><div class=\"bottom-meta clearfix\"><ul class=\"nav bottom-meta-list meta-left\"><li><div class=\"post-more\"><a href=\"https:\/\/livermanarrais.ca\/es\/your-guide-to-free-open-lawyer-software\/\" class=\"read-more elementor-button\">En savoir plus<\/a><\/div><\/li><\/ul><\/div><\/div><!-- .blog-inner --><\/div><!-- .col \/ .owl-carousel-item \/ .isotope --><div class=\"col-lg-6 col-md-6\"><div class=\"blog-inner\"><div class=\"post-thumb\"><a href=\"https:\/\/livermanarrais.ca\/es\/why-law-firms-love-reputation-management\/\" class=\"post-image-link\"><img decoding=\"async\" src=\"https:\/\/livermanarrais.ca\/wp-content\/uploads\/elementor\/thumbs\/droit-divorce-law1-710x533-1-r20cfh97ivdgceqa557vfkcx5vfe9jtfc6vl06zk3c.webp\" title=\"droit-divorce-law1-710&#215;533\" alt=\"droit-divorce-law1-710x533\" class=\"img-fluid squared img-fluid squared img-fluid squared img-fluid squared\" \/><\/a><\/div><!-- .post-thumb --><div class=\"top-meta clearfix\"><ul class=\"nav top-meta-list meta-left\"><li><div class=\"post-category\"><span class=\"before-icon fa fa-folder-o\"><\/span><a href=\"https:\/\/livermanarrais.ca\/es\/category\/droit-commercial\/\">Droit Commercial<\/a>,<a href=\"https:\/\/livermanarrais.ca\/es\/category\/droit-du-travail\/\">Droit du travail<\/a><\/div><\/li><li><div class=\"post-date\"><a href=\"https:\/\/livermanarrais.ca\/es\/2024\/07\/19\/\" ><i class=\"icon icon-calendar\"><\/i> 19\/07\/2024<\/a><\/div><\/li><\/ul><\/div><div class=\"entry-title\"><h3 class=\"post-title-head\"><a href=\"https:\/\/livermanarrais.ca\/es\/why-law-firms-love-reputation-management\/\" class=\"post-title\">Conduite avec facult\u00e9s affaiblies<\/a><\/h3><\/div><!-- .entry-title --><div class=\"post-excerpt\"><p>Conduite avec facult\u00e9s affaiblies : aucune chance Le temps des f\u00eates approche. Comme chaque ann\u00e9e un ensemble de&#8230;<\/p>\n<\/div><!-- .post-excerpt --><div class=\"bottom-meta clearfix\"><ul class=\"nav bottom-meta-list meta-left\"><li><div class=\"post-more\"><a href=\"https:\/\/livermanarrais.ca\/es\/why-law-firms-love-reputation-management\/\" class=\"read-more elementor-button\">En savoir plus<\/a><\/div><\/li><\/ul><\/div><\/div><!-- .blog-inner --><\/div><!-- .col \/ .owl-carousel-item \/ .isotope --><\/div><!-- .row --><div class=\"row\"><div class=\"col-lg-6 col-md-6\"><div class=\"blog-inner\"><div class=\"post-thumb\"><a href=\"https:\/\/livermanarrais.ca\/es\/making-innovative-bussines-strategies\/\" class=\"post-image-link\"><img decoding=\"async\" src=\"https:\/\/livermanarrais.ca\/wp-content\/uploads\/elementor\/thumbs\/attorney-pointe-claire-cabinet-gelber-liverman-avocats-pointe-claire-710x472-1-r243buapg7d8colcec17s2uxkr1awz8loyai1qesmw.webp\" title=\"attorney-pointe-claire-cabinet-gelber-liverman-avocats-pointe-claire-710&#215;472\" alt=\"attorney-pointe-claire-cabinet-gelber-liverman-avocats-pointe-claire-710x472\" class=\"img-fluid squared img-fluid squared img-fluid squared img-fluid squared img-fluid squared\" \/><\/a><\/div><!-- .post-thumb --><div class=\"top-meta clearfix\"><ul class=\"nav top-meta-list meta-left\"><li><div class=\"post-category\"><span class=\"before-icon fa fa-folder-o\"><\/span><a href=\"https:\/\/livermanarrais.ca\/es\/category\/droit-civil\/\">Derecho Civil<\/a>,<a href=\"https:\/\/livermanarrais.ca\/es\/category\/droit-du-travail\/\">Droit du travail<\/a><\/div><\/li><li><div class=\"post-date\"><a href=\"https:\/\/livermanarrais.ca\/es\/2024\/07\/19\/\" ><i class=\"icon icon-calendar\"><\/i> 19\/07\/2024<\/a><\/div><\/li><\/ul><\/div><div class=\"entry-title\"><h3 class=\"post-title-head\"><a href=\"https:\/\/livermanarrais.ca\/es\/making-innovative-bussines-strategies\/\" class=\"post-title\">La garde et droit d\u2019acc\u00e8s<\/a><\/h3><\/div><!-- .entry-title --><div class=\"post-excerpt\"><p>La garde et droit d\u2019acc\u00e8s : principe \u00e0 garder en t\u00eate Sujet sensible s\u2019il en est un, les droits d\u2019acc\u00e8s du parent lors d\u2019un conflit &#8230;<\/p>\n<\/div><!-- .post-excerpt --><div class=\"bottom-meta clearfix\"><ul class=\"nav bottom-meta-list meta-left\"><li><div class=\"post-more\"><a href=\"https:\/\/livermanarrais.ca\/es\/making-innovative-bussines-strategies\/\" class=\"read-more elementor-button\">En savoir plus<\/a><\/div><\/li><\/ul><\/div><\/div><!-- .blog-inner --><\/div><!-- .col \/ .owl-carousel-item \/ .isotope --><div class=\"col-lg-6 col-md-6\"><div class=\"blog-inner\"><div class=\"post-thumb\"><a href=\"https:\/\/livermanarrais.ca\/es\/our-business-thrives-to-contribute-global\/\" class=\"post-image-link\"><img decoding=\"async\" src=\"https:\/\/livermanarrais.ca\/wp-content\/uploads\/elementor\/thumbs\/blog-img-2-1-qz599h9o7eb3e136zg1hc2bxvsof8i513osmve05mg.jpg\" title=\"blog-img-2\" alt=\"\" class=\"img-fluid squared img-fluid squared img-fluid squared img-fluid squared img-fluid squared img-fluid squared\" \/><\/a><\/div><!-- .post-thumb --><div class=\"top-meta clearfix\"><ul class=\"nav top-meta-list meta-left\"><li><div class=\"post-category\"><span class=\"before-icon fa fa-folder-o\"><\/span><a href=\"https:\/\/livermanarrais.ca\/es\/category\/avocat-criminel\/\">Avocat Criminel<\/a>,<a href=\"https:\/\/livermanarrais.ca\/es\/category\/droit-du-travail\/\">Droit du travail<\/a><\/div><\/li><li><div class=\"post-date\"><a href=\"https:\/\/livermanarrais.ca\/es\/2024\/07\/19\/\" ><i class=\"icon icon-calendar\"><\/i> 19\/07\/2024<\/a><\/div><\/li><\/ul><\/div><div class=\"entry-title\"><h3 class=\"post-title-head\"><a href=\"https:\/\/livermanarrais.ca\/es\/our-business-thrives-to-contribute-global\/\" class=\"post-title\">Mise au point sur la pension alimentaire pour enfant<\/a><\/h3><\/div><!-- .entry-title --><div class=\"post-excerpt\"><p>Trop souvent ma client\u00e8le masculine se plaindra au sujet de la pension alimentaire. Affirmant payer et ne jamais voir leurs&#8230;<\/p>\n<\/div><!-- .post-excerpt --><div class=\"bottom-meta clearfix\"><ul class=\"nav bottom-meta-list meta-left\"><li><div class=\"post-more\"><a href=\"https:\/\/livermanarrais.ca\/es\/our-business-thrives-to-contribute-global\/\" class=\"read-more elementor-button\">En savoir plus<\/a><\/div><\/li><\/ul><\/div><\/div><!-- .blog-inner --><\/div><!-- .col \/ .owl-carousel-item \/ .isotope --><\/div><!-- .row -->\t\t\t\r\n\t\t<\/div>\r\n\t\t\t\t<\/div>\n\t\t\t\t\t<\/div>\n\t\t<\/div>\n\t\t\t\t\t<\/div>\n\t\t<\/section>\n\t\t\t\t<\/div>","protected":false},"excerpt":{"rendered":"<p>Avocat Criminel,Droit Civil juillet 19, 2024 Pension alimentaire pour enfants apr\u00e8s 18 ans Ce que..<\/p>","protected":false},"author":1,"featured_media":0,"parent":0,"menu_order":0,"comment_status":"closed","ping_status":"closed","template":"","meta":{"footnotes":""},"class_list":["post-41549","page","type-page","status-publish","hentry"],"aioseo_notices":[],"_links":{"self":[{"href":"https:\/\/livermanarrais.ca\/es\/wp-json\/wp\/v2\/pages\/41549","targetHints":{"allow":["GET"]}}],"collection":[{"href":"https:\/\/livermanarrais.ca\/es\/wp-json\/wp\/v2\/pages"}],"about":[{"href":"https:\/\/livermanarrais.ca\/es\/wp-json\/wp\/v2\/types\/page"}],"author":[{"embeddable":true,"href":"https:\/\/livermanarrais.ca\/es\/wp-json\/wp\/v2\/users\/1"}],"replies":[{"embeddable":true,"href":"https:\/\/livermanarrais.ca\/es\/wp-json\/wp\/v2\/comments?post=41549"}],"version-history":[{"count":32,"href":"https:\/\/livermanarrais.ca\/es\/wp-json\/wp\/v2\/pages\/41549\/revisions"}],"predecessor-version":[{"id":42130,"href":"https:\/\/livermanarrais.ca\/es\/wp-json\/wp\/v2\/pages\/41549\/revisions\/42130"}],"wp:attachment":[{"href":"https:\/\/livermanarrais.ca\/es\/wp-json\/wp\/v2\/media?parent=41549"}],"curies":[{"name":"wp","href":"https:\/\/api.w.org\/{rel}","templated":true}]}}